{"id":459,"date":"2020-09-16T13:52:05","date_gmt":"2020-09-16T10:52:05","guid":{"rendered":"https:\/\/langspire.com\/get-a-quote\/"},"modified":"2021-05-18T21:38:13","modified_gmt":"2021-05-18T18:38:13","slug":"demander-un-devis","status":"publish","type":"page","link":"https:\/\/langspire.com\/fr\/demander-un-devis\/","title":{"rendered":"Demander un devis"},"content":{"rendered":"<p>Remplissez les d\u00e9tails et nous vous r\u00e9pondrons imm\u00e9diatement ! Laissez-nous vous simplifier la t\u00e2che.simplify this for you. Indiquez simplement votre nom, votre adresse \u00e9lectronique et une description pr\u00e9cise de votre demande. C&rsquo;est tout !<\/p>\n","protected":false},"excerpt":{"rendered":"<p>Remplissez les d\u00e9tails et nous vous r\u00e9pondrons imm\u00e9diatement ! Laissez-nous vous simplifier la t\u00e2che.simplify this for you. Indiquez simplement votre nom, votre adresse \u00e9lectronique et une description pr\u00e9cise de votre&#8230;<\/p>\n","protected":false},"author":1,"featured_media":471,"parent":0,"menu_order":0,"comment_status":"closed","ping_status":"closed","template":"page-quote.php","meta":[],"_links":{"self":[{"href":"https:\/\/langspire.com\/fr\/wp-json\/wp\/v2\/pages\/459"}],"collection":[{"href":"https:\/\/langspire.com\/fr\/wp-json\/wp\/v2\/pages"}],"about":[{"href":"https:\/\/langspire.com\/fr\/wp-json\/wp\/v2\/types\/page"}],"author":[{"embeddable":true,"href":"https:\/\/langspire.com\/fr\/wp-json\/wp\/v2\/users\/1"}],"replies":[{"embeddable":true,"href":"https:\/\/langspire.com\/fr\/wp-json\/wp\/v2\/comments?post=459"}],"version-history":[{"count":1,"href":"https:\/\/langspire.com\/fr\/wp-json\/wp\/v2\/pages\/459\/revisions"}],"predecessor-version":[{"id":908,"href":"https:\/\/langspire.com\/fr\/wp-json\/wp\/v2\/pages\/459\/revisions\/908"}],"wp:featuredmedia":[{"embeddable":true,"href":"https:\/\/langspire.com\/fr\/wp-json\/wp\/v2\/media\/471"}],"wp:attachment":[{"href":"https:\/\/langspire.com\/fr\/wp-json\/wp\/v2\/media?parent=459"}],"curies":[{"name":"wp","href":"https:\/\/api.w.org\/{rel}","templated":true}]}}