{"id":447,"date":"2020-09-16T13:52:04","date_gmt":"2020-09-16T10:52:04","guid":{"rendered":"https:\/\/langspire.com\/sign-in\/"},"modified":"2021-04-19T13:46:54","modified_gmt":"2021-04-19T10:46:54","slug":"sign-in","status":"publish","type":"page","link":"https:\/\/langspire.com\/ar\/sign-in\/","title":{"rendered":"S&#8217;identifier"},"content":{"rendered":"<p>Travailler avec notre \u00e9quipe brillante chez LangSpire est un excellent moyen d&#8217;acqu\u00e9rir une exp\u00e9rience pr\u00e9cieuse et de nouer des relations \u00e0 vie. Nos employ\u00e9s ont le plus grand respect pour l&#8217;\u00e9thique du travail d&#8217;\u00e9quipe, ce que vous ressentirez d\u00e8s votre arriv\u00e9e!<\/p>\n","protected":false},"excerpt":{"rendered":"<p>Travailler avec notre \u00e9quipe brillante chez LangSpire est un excellent moyen d&#8217;acqu\u00e9rir une exp\u00e9rience pr\u00e9cieuse et de nouer des relations \u00e0 vie. Nos employ\u00e9s ont le plus grand respect pour&#8230;<\/p>\n","protected":false},"author":1,"featured_media":0,"parent":0,"menu_order":0,"comment_status":"closed","ping_status":"closed","template":"page-login.php","meta":[],"_links":{"self":[{"href":"https:\/\/langspire.com\/ar\/wp-json\/wp\/v2\/pages\/447"}],"collection":[{"href":"https:\/\/langspire.com\/ar\/wp-json\/wp\/v2\/pages"}],"about":[{"href":"https:\/\/langspire.com\/ar\/wp-json\/wp\/v2\/types\/page"}],"author":[{"embeddable":true,"href":"https:\/\/langspire.com\/ar\/wp-json\/wp\/v2\/users\/1"}],"replies":[{"embeddable":true,"href":"https:\/\/langspire.com\/ar\/wp-json\/wp\/v2\/comments?post=447"}],"version-history":[{"count":2,"href":"https:\/\/langspire.com\/ar\/wp-json\/wp\/v2\/pages\/447\/revisions"}],"predecessor-version":[{"id":1286,"href":"https:\/\/langspire.com\/ar\/wp-json\/wp\/v2\/pages\/447\/revisions\/1286"}],"wp:attachment":[{"href":"https:\/\/langspire.com\/ar\/wp-json\/wp\/v2\/media?parent=447"}],"curies":[{"name":"wp","href":"https:\/\/api.w.org\/{rel}","templated":true}]}}